{"id":1543,"date":"2024-07-12T09:47:53","date_gmt":"2024-07-12T07:47:53","guid":{"rendered":"https:\/\/rt62.fi\/home\/"},"modified":"2025-05-31T07:27:59","modified_gmt":"2025-05-31T04:27:59","slug":"hem","status":"publish","type":"page","link":"https:\/\/rt62.fi\/en\/","title":{"rendered":"Hem"},"content":{"rendered":"<div data-elementor-type=\"wp-post\" data-elementor-id=\"1543\" class=\"elementor elementor-1543\">\n\t\t\t\t<div class=\"elementor-element elementor-element-21dfda3 e-flex e-con-boxed e-con e-parent\" data-id=\"21dfda3\" data-element_type=\"container\" data-e-type=\"container\" data-settings=\"{&quot;background_background&quot;:&quot;classic&quot;,&quot;shape_divider_bottom&quot;:&quot;curve&quot;,&quot;shape_divider_bottom_negative&quot;:&quot;yes&quot;}\">\n\t\t\t\t\t<div class=\"e-con-inner\">\n\t\t\t\t<div class=\"elementor-shape elementor-shape-bottom\" aria-hidden=\"true\" data-negative=\"true\">\n\t\t\t<svg xmlns=\"http:\/\/www.w3.org\/2000\/svg\" viewbox=\"0 0 1000 100\" preserveaspectratio=\"none\">\n\t<path class=\"elementor-shape-fill\" d=\"M500,97C126.7,96.3,0.8,19.8,0,0v100l1000,0V1C1000,19.4,873.3,97.8,500,97z\"\/>\n<\/svg>\t\t<\/div>\n\t\t<div class=\"elementor-element elementor-element-ccd9753 e-con-full e-flex e-con e-child\" data-id=\"ccd9753\" data-element_type=\"container\" data-e-type=\"container\">\n\t\t\t\t<div class=\"elementor-element elementor-element-7c69b52 elementor-widget elementor-widget-heading\" data-id=\"7c69b52\" data-element_type=\"widget\" data-e-type=\"widget\" data-widget_type=\"heading.default\">\n\t\t\t\t<div class=\"elementor-widget-container\">\n\t\t\t\t\t<h1 class=\"elementor-heading-title elementor-size-default\">V\u00c4LKOMMEN HEM TILL RT62<\/h1>\t\t\t\t<\/div>\n\t\t\t\t<\/div>\n\t\t\t\t<div class=\"elementor-element elementor-element-b00f180 elementor-widget elementor-widget-text-editor\" data-id=\"b00f180\" data-element_type=\"widget\" data-e-type=\"widget\" data-widget_type=\"text-editor.default\">\n\t\t\t\t<div class=\"elementor-widget-container\">\n\t\t\t\t\t\t\t\t\t<section class=\"elementor-section elementor-top-section elementor-element elementor-element-77f8964 elementor-section-boxed elementor-section-height-default elementor-section-height-default\" data-id=\"77f8964\" data-element_type=\"section\" data-settings=\"{&quot;background_background&quot;:&quot;classic&quot;}\"><div class=\"elementor-container elementor-column-gap-default\"><div class=\"elementor-column elementor-col-100 elementor-top-column elementor-element elementor-element-3b28d68\" data-id=\"3b28d68\" data-element_type=\"column\"><div class=\"elementor-widget-wrap elementor-element-populated\"><section class=\"elementor-section elementor-inner-section elementor-element elementor-element-6e79744 elementor-section-boxed elementor-section-height-default elementor-section-height-default\" data-id=\"6e79744\" data-element_type=\"section\"><div class=\"elementor-container elementor-column-gap-default\"><div class=\"elementor-column elementor-col-100 elementor-inner-column elementor-element elementor-element-38668f1\" data-id=\"38668f1\" data-element_type=\"column\"><div class=\"elementor-widget-wrap elementor-element-populated\"><div class=\"elementor-element elementor-element-43de6cd elementor-widget elementor-widget-text-editor\" data-id=\"43de6cd\" data-element_type=\"widget\" data-widget_type=\"text-editor.default\"><div class=\"elementor-widget-container\"><p><strong>VI \u00c4R ROUND TABLE \u2013 EN V\u00c4RLD ETT BORD<\/strong><\/p><p><strong>ME OLEMME ROUND TABLE \u2013 YKSI MAAILMA YKSI P\u00d6YT\u00c4<\/strong><\/p><\/div><\/div><\/div><\/div><\/div><\/section><\/div><\/div><\/div><\/section>\t\t\t\t\t\t\t\t<\/div>\n\t\t\t\t<\/div>\n\t\t\t\t<\/div>\n\t\t\t\t\t<\/div>\n\t\t\t\t<\/div>\n\t\t<div class=\"elementor-element elementor-element-aef3d39 e-flex e-con-boxed e-con e-parent\" data-id=\"aef3d39\" data-element_type=\"container\" data-e-type=\"container\">\n\t\t\t\t\t<div class=\"e-con-inner\">\n\t\t<div class=\"elementor-element elementor-element-0bcb811 e-con-full e-flex e-con e-child\" data-id=\"0bcb811\" data-element_type=\"container\" data-e-type=\"container\" data-settings=\"{&quot;background_background&quot;:&quot;classic&quot;}\">\n\t\t\t\t<\/div>\n\t\t<div class=\"elementor-element elementor-element-04a5b34 e-con-full e-flex e-con e-child\" data-id=\"04a5b34\" data-element_type=\"container\" data-e-type=\"container\">\n\t\t\t\t<div class=\"elementor-element elementor-element-4c9c873 elementor-widget elementor-widget-heading\" data-id=\"4c9c873\" data-element_type=\"widget\" data-e-type=\"widget\" data-widget_type=\"heading.default\">\n\t\t\t\t<div class=\"elementor-widget-container\">\n\t\t\t\t\t<h2 class=\"elementor-heading-title elementor-size-default\">Round Table \u00e4r en internationell organisation f\u00f6r unga m\u00e4n<\/h2>\t\t\t\t<\/div>\n\t\t\t\t<\/div>\n\t\t\t\t<div class=\"elementor-element elementor-element-b9cfc58 elementor-widget elementor-widget-text-editor\" data-id=\"b9cfc58\" data-element_type=\"widget\" data-e-type=\"widget\" data-widget_type=\"text-editor.default\">\n\t\t\t\t<div class=\"elementor-widget-container\">\n\t\t\t\t\t\t\t\t\t<p>Round Table \u00e4r en internationell organisation f\u00f6r unga m\u00e4n.<br \/>Vi utvecklar v\u00e5ra medlemmar till aktiva, ansvarsfulla och serviceinriktade medborgare.<\/p><p>Det internationella mottot Adopt \u2013 Adapt \u2013 Improve \u00e4r v\u00e5rt motto p\u00e5 Round Table Finland. Vi sammanf\u00f6r kvalificerade personer i \u00e5ldern 18-40 \u00e5r i deras yrken f\u00f6r att l\u00e4ra, inspirera och utmana varandra.<\/p><p>Vi breddar v\u00e5ra medlemmars horisonter bortom deras eget omr\u00e5de och sociala krets, och f\u00f6r dem d\u00e4rmed in i \u00f6msesidigt samarbete och v\u00e4nskap. Vi delar \u00f6ppet med oss av v\u00e5ra erfarenheter och hj\u00e4lper varandra att agera positivt i hemmet, p\u00e5 arbetet och i samh\u00e4llet.<\/p><p>Round Table -klubben RT62 tr\u00e4ffas regelbundet. M\u00f6ten och evenemang fokuserar p\u00e5 personlig utveckling, n\u00f6je och kamratskap. Tillsammans bildar vi ett n\u00e4tverk av aktiva unga m\u00e4n.<\/p>\t\t\t\t\t\t\t\t<\/div>\n\t\t\t\t<\/div>\n\t\t\t\t<\/div>\n\t\t\t\t\t<\/div>\n\t\t\t\t<\/div>\n\t\t<div class=\"elementor-element elementor-element-cfbca9a e-flex e-con-boxed e-con e-parent\" data-id=\"cfbca9a\" data-element_type=\"container\" data-e-type=\"container\">\n\t\t\t\t\t<div class=\"e-con-inner\">\n\t\t<div class=\"elementor-element elementor-element-d59c4f7 e-con-full e-flex e-con e-child\" data-id=\"d59c4f7\" data-element_type=\"container\" data-e-type=\"container\">\n\t\t\t\t<div class=\"elementor-element elementor-element-bf31b24 elementor-widget elementor-widget-heading\" data-id=\"bf31b24\" data-element_type=\"widget\" data-e-type=\"widget\" data-widget_type=\"heading.default\">\n\t\t\t\t<div class=\"elementor-widget-container\">\n\t\t\t\t\t<h2 class=\"elementor-heading-title elementor-size-default\">Round Table on kansainv\u00e4linen nuorten miesten j\u00e4rjest\u00f6\u200b<\/h2>\t\t\t\t<\/div>\n\t\t\t\t<\/div>\n\t\t\t\t<div class=\"elementor-element elementor-element-6e14f73 elementor-widget elementor-widget-text-editor\" data-id=\"6e14f73\" data-element_type=\"widget\" data-e-type=\"widget\" data-widget_type=\"text-editor.default\">\n\t\t\t\t<div class=\"elementor-widget-container\">\n\t\t\t\t\t\t\t\t\t<p>Kehit\u00e4mme j\u00e4seni\u00e4mme aktiivisiksi, vastuuntuntoisiksi ja palvelualttiiksi kansalaisiksi.<\/p><p>Kansainv\u00e4linen motto Adopt \u2013 Adapt \u2013 Improve on meill\u00e4 Suomen RT:ss\u00e4 eli Round Table Suomi Finlandissa Omaksu \u2013 Suvaitse \u2013 Kehity. Kokoamme yhteen 18\u201340-vuotiaita ammattialansa p\u00e4tevi\u00e4 edustajia oppimaan sek\u00e4 innostamaan ja haastamaan toisiaan.<\/p><p>Laajennamme j\u00e4sentemme n\u00e4k\u00f6piiri\u00e4 heid\u00e4n oman alansa ja seurustelupiirins\u00e4 ulkopuolelle ja siten saatamme heid\u00e4t keskin\u00e4iseen yhteisty\u00f6h\u00f6n ja yst\u00e4vyyteen. Jaamme asiat avoimesti luottamuksella, ja autamme toisiamme toimimaan positiivisesti kotona, t\u00f6iss\u00e4 ja yhteiskunnassa.<\/p><p>Round Table -klubi RT62 Pargas Parainen kokoontuu s\u00e4\u00e4nn\u00f6llisesti. Kokoukset ja tapahtumat keskittyv\u00e4t henkil\u00f6kohtaiseen kehittymiseen, hauskanpitoon ja toveruuteen. Yhdess\u00e4 muodostamme aktiivisten nuorten miesten verkoston.<\/p>\t\t\t\t\t\t\t\t<\/div>\n\t\t\t\t<\/div>\n\t\t\t\t<\/div>\n\t\t<div class=\"elementor-element elementor-element-4d4deca e-con-full e-flex e-con e-child\" data-id=\"4d4deca\" data-element_type=\"container\" data-e-type=\"container\" data-settings=\"{&quot;background_background&quot;:&quot;classic&quot;}\">\n\t\t\t\t<\/div>\n\t\t\t\t\t<\/div>\n\t\t\t\t<\/div>\n\t\t\t\t\t\t<div class=\"premium-shape-divider__shape-container\" id=\"premium-shape-divider-ca19516\" style=\"visibility:hidden; position: absolute; opacity:0;\">\n\t\t\t\t\t<svg class= \"xmlns='http:\/\/www.w3.org\/2000\/svg'\" aria-hidden='true' viewbox='0 0 35.28 2.17' preserveaspectratio='none'><path d='M35.28 1.16c-3.17-.8-7.3.4-10.04.56-2.76.17-9.25-1.47-12.68-1.3-3.42.16-4.64.84-7.04.86C3.12 1.31 0 .4 0 .4v1.77h35.28z' fill='%23fbd8c2'\/><\/svg>\t\t\t\t<\/div>\n\t\t\t<div class=\"elementor-element elementor-element-ca19516 premium-shape-divider-yes e-flex e-con-boxed premium-shape-divider__default premium-shape22 premium-shape-divider-anime-yes e-con e-parent\" data-id=\"ca19516\" data-element_type=\"container\" data-e-type=\"container\" data-settings=\"{&quot;background_background&quot;:&quot;classic&quot;}\">\n\t\t\t\t\t<div class=\"e-con-inner\">\n\t\t<div class=\"elementor-element elementor-element-5e6a952 e-con-full e-flex e-con e-child\" data-id=\"5e6a952\" data-element_type=\"container\" data-e-type=\"container\">\n\t\t\t\t<div class=\"elementor-element elementor-element-d0fd739 elementor-widget__width-initial elementor-widget elementor-widget-heading\" data-id=\"d0fd739\" data-element_type=\"widget\" data-e-type=\"widget\" data-widget_type=\"heading.default\">\n\t\t\t\t<div class=\"elementor-widget-container\">\n\t\t\t\t\t<h2 class=\"elementor-heading-title elementor-size-default\">Kiinnostuitko? \u200b<\/h2>\t\t\t\t<\/div>\n\t\t\t\t<\/div>\n\t\t\t\t<\/div>\n\t\t<div class=\"elementor-element elementor-element-7b343dd e-con-full e-flex e-con e-child\" data-id=\"7b343dd\" data-element_type=\"container\" data-e-type=\"container\">\n\t\t\t\t<div class=\"elementor-element elementor-element-7c80aee elementor-widget elementor-widget-text-editor\" data-id=\"7c80aee\" data-element_type=\"widget\" data-e-type=\"widget\" data-widget_type=\"text-editor.default\">\n\t\t\t\t<div class=\"elementor-widget-container\">\n\t\t\t\t\t\t\t\t\t<p>Haluatko tiet\u00e4\u00e4 lis\u00e4\u00e4 toiminnastamme? Ota yhteytt\u00e4 pargas@rt62.fi<\/p>\t\t\t\t\t\t\t\t<\/div>\n\t\t\t\t<\/div>\n\t\t\t\t<\/div>\n\t\t<div class=\"elementor-element elementor-element-98edc6f e-con-full e-flex e-con e-child\" data-id=\"98edc6f\" data-element_type=\"container\" data-e-type=\"container\">\n\t\t\t\t<div class=\"elementor-element elementor-element-5dfcfa3 elementor-widget elementor-widget-heading\" data-id=\"5dfcfa3\" data-element_type=\"widget\" data-e-type=\"widget\" data-widget_type=\"heading.default\">\n\t\t\t\t<div class=\"elementor-widget-container\">\n\t\t\t\t\t<h2 class=\"elementor-heading-title elementor-size-default\">Intresserad?\u200b<\/h2>\t\t\t\t<\/div>\n\t\t\t\t<\/div>\n\t\t\t\t<\/div>\n\t\t<div class=\"elementor-element elementor-element-fac97fa e-con-full e-flex e-con e-child\" data-id=\"fac97fa\" data-element_type=\"container\" data-e-type=\"container\">\n\t\t\t\t<div class=\"elementor-element elementor-element-6d715ad elementor-widget elementor-widget-text-editor\" data-id=\"6d715ad\" data-element_type=\"widget\" data-e-type=\"widget\" data-widget_type=\"text-editor.default\">\n\t\t\t\t<div class=\"elementor-widget-container\">\n\t\t\t\t\t\t\t\t\t<p>Vill du veta mera om v\u00e5r verksamhet, kontakta oss p\u00e5 pargas@rt62.fi<\/p>\t\t\t\t\t\t\t\t<\/div>\n\t\t\t\t<\/div>\n\t\t\t\t<\/div>\n\t\t\t\t\t<\/div>\n\t\t\t\t<\/div>\n\t\t<div class=\"elementor-element elementor-element-b7fa65d e-flex e-con-boxed e-con e-parent\" data-id=\"b7fa65d\" data-element_type=\"container\" data-e-type=\"container\" data-settings=\"{&quot;background_background&quot;:&quot;classic&quot;}\">\n\t\t\t\t\t<div class=\"e-con-inner\">\n\t\t<div class=\"elementor-element elementor-element-fffaeb6 e-grid e-con-full e-con e-child\" data-id=\"fffaeb6\" data-element_type=\"container\" data-e-type=\"container\">\n\t\t\t\t<div class=\"elementor-element elementor-element-22b995d elementor-button-success elementor-align-center elementor-widget elementor-widget-button\" data-id=\"22b995d\" data-element_type=\"widget\" data-e-type=\"widget\" data-widget_type=\"button.default\">\n\t\t\t\t<div class=\"elementor-widget-container\">\n\t\t\t\t\t\t\t\t\t<div class=\"elementor-button-wrapper\">\n\t\t\t\t\t<a class=\"elementor-button elementor-button-link elementor-size-sm\" href=\"https:\/\/rt62.fi\/en\/kontakta-oss\/\">\n\t\t\t\t\t\t<span class=\"elementor-button-content-wrapper\">\n\t\t\t\t\t\t\t\t\t<span class=\"elementor-button-text\">Contact us<\/span>\n\t\t\t\t\t<\/span>\n\t\t\t\t\t<\/a>\n\t\t\t\t<\/div>\n\t\t\t\t\t\t\t\t<\/div>\n\t\t\t\t<\/div>\n\t\t\t\t<div class=\"elementor-element elementor-element-3f2007f elementor-button-success elementor-align-center elementor-widget elementor-widget-button\" data-id=\"3f2007f\" data-element_type=\"widget\" data-e-type=\"widget\" data-widget_type=\"button.default\">\n\t\t\t\t<div class=\"elementor-widget-container\">\n\t\t\t\t\t\t\t\t\t<div class=\"elementor-button-wrapper\">\n\t\t\t\t\t<a class=\"elementor-button elementor-button-link elementor-size-sm\" href=\"https:\/\/rt62.fi\/en\/ota-yhteytta\/\">\n\t\t\t\t\t\t<span class=\"elementor-button-content-wrapper\">\n\t\t\t\t\t\t\t\t\t<span class=\"elementor-button-text\">Ota yhteytt\u00e4<\/span>\n\t\t\t\t\t<\/span>\n\t\t\t\t\t<\/a>\n\t\t\t\t<\/div>\n\t\t\t\t\t\t\t\t<\/div>\n\t\t\t\t<\/div>\n\t\t\t\t<\/div>\n\t\t\t\t\t<\/div>\n\t\t\t\t<\/div>\n\t\t\t\t<\/div>","protected":false},"excerpt":{"rendered":"<p>V\u00c4LKOMMEN HEM TILL RT62 VI \u00c4R ROUND TABLE \u2013 EN V\u00c4RLD ETT BORD ME OLEMME ROUND TABLE \u2013 YKSI MAAILMA YKSI P\u00d6YT\u00c4 Round Table \u00e4r en internationell organisation f\u00f6r unga m\u00e4n Round Table \u00e4r en internationell organisation f\u00f6r unga m\u00e4n.Vi utvecklar v\u00e5ra medlemmar till aktiva, ansvarsfulla och serviceinriktade medborgare. Det internationella mottot Adopt \u2013 Adapt [&hellip;]<\/p>\n","protected":false},"author":2,"featured_media":0,"parent":0,"menu_order":0,"comment_status":"closed","ping_status":"closed","template":"","meta":{"site-sidebar-layout":"no-sidebar","site-content-layout":"page-builder","ast-site-content-layout":"default","site-content-style":"default","site-sidebar-style":"default","ast-global-header-display":"","ast-banner-title-visibility":"","ast-main-header-display":"","ast-hfb-above-header-display":"","ast-hfb-below-header-display":"","ast-hfb-mobile-header-display":"","site-post-title":"disabled","ast-breadcrumbs-content":"","ast-featured-img":"disabled","footer-sml-layout":"","ast-disable-related-posts":"","theme-transparent-header-meta":"enabled","adv-header-id-meta":"","stick-header-meta":"","header-above-stick-meta":"","header-main-stick-meta":"","header-below-stick-meta":"","astra-migrate-meta-layouts":"default","ast-page-background-enabled":"default","ast-page-background-meta":{"desktop":{"background-color":"","background-image":"","background-repeat":"repeat","background-position":"center center","background-size":"auto","background-attachment":"scroll","background-type":"","background-media":"","overlay-type":"","overlay-color":"","overlay-opacity":"","overlay-gradient":""},"tablet":{"background-color":"","background-image":"","background-repeat":"repeat","background-position":"center center","background-size":"auto","background-attachment":"scroll","background-type":"","background-media":"","overlay-type":"","overlay-color":"","overlay-opacity":"","overlay-gradient":""},"mobile":{"background-color":"","background-image":"","background-repeat":"repeat","background-position":"center center","background-size":"auto","background-attachment":"scroll","background-type":"","background-media":"","overlay-type":"","overlay-color":"","overlay-opacity":"","overlay-gradient":""}},"ast-content-background-meta":{"desktop":{"background-color":"var(--ast-global-color-5)","background-image":"","background-repeat":"repeat","background-position":"center center","background-size":"auto","background-attachment":"scroll","background-type":"","background-media":"","overlay-type":"","overlay-color":"","overlay-opacity":"","overlay-gradient":""},"tablet":{"background-color":"var(--ast-global-color-5)","background-image":"","background-repeat":"repeat","background-position":"center center","background-size":"auto","background-attachment":"scroll","background-type":"","background-media":"","overlay-type":"","overlay-color":"","overlay-opacity":"","overlay-gradient":""},"mobile":{"background-color":"var(--ast-global-color-5)","background-image":"","background-repeat":"repeat","background-position":"center center","background-size":"auto","background-attachment":"scroll","background-type":"","background-media":"","overlay-type":"","overlay-color":"","overlay-opacity":"","overlay-gradient":""}},"footnotes":""},"class_list":["post-1543","page","type-page","status-publish","hentry"],"_links":{"self":[{"href":"https:\/\/rt62.fi\/en\/wp-json\/wp\/v2\/pages\/1543","targetHints":{"allow":["GET"]}}],"collection":[{"href":"https:\/\/rt62.fi\/en\/wp-json\/wp\/v2\/pages"}],"about":[{"href":"https:\/\/rt62.fi\/en\/wp-json\/wp\/v2\/types\/page"}],"author":[{"embeddable":true,"href":"https:\/\/rt62.fi\/en\/wp-json\/wp\/v2\/users\/2"}],"replies":[{"embeddable":true,"href":"https:\/\/rt62.fi\/en\/wp-json\/wp\/v2\/comments?post=1543"}],"version-history":[{"count":50,"href":"https:\/\/rt62.fi\/en\/wp-json\/wp\/v2\/pages\/1543\/revisions"}],"predecessor-version":[{"id":6543,"href":"https:\/\/rt62.fi\/en\/wp-json\/wp\/v2\/pages\/1543\/revisions\/6543"}],"wp:attachment":[{"href":"https:\/\/rt62.fi\/en\/wp-json\/wp\/v2\/media?parent=1543"}],"curies":[{"name":"wp","href":"https:\/\/api.w.org\/{rel}","templated":true}]}}