{"id":2145,"date":"2024-12-28T09:25:06","date_gmt":"2024-12-28T09:25:06","guid":{"rendered":"https:\/\/rt62.fi\/maksu-toimitus-ja-palautusehdot\/"},"modified":"2025-06-03T14:28:28","modified_gmt":"2025-06-03T11:28:28","slug":"maksu-toimitus-ja-palautusehdot","status":"publish","type":"page","link":"https:\/\/rt62.fi\/en\/maksu-toimitus-ja-palautusehdot\/","title":{"rendered":"Payment, delivery, and return conditions"},"content":{"rendered":"<div data-elementor-type=\"wp-page\" data-elementor-id=\"2145\" class=\"elementor elementor-2145\">\n\t\t\t\t<div class=\"elementor-element elementor-element-34c6f2f5 e-flex e-con-boxed e-con e-parent\" data-id=\"34c6f2f5\" data-element_type=\"container\" data-e-type=\"container\">\n\t\t\t\t\t<div class=\"e-con-inner\">\n\t\t\t\t<div class=\"elementor-element elementor-element-196cdbd9 elementor-widget elementor-widget-text-editor\" data-id=\"196cdbd9\" data-element_type=\"widget\" data-e-type=\"widget\" data-widget_type=\"text-editor.default\">\n\t\t\t\t<div class=\"elementor-widget-container\">\n\t\t\t\t\t\t\t\t\t<p>RT62 Pargas &#8211; Parainen rf<br \/>(hereafter RT62) sells tickets for various events in its online shop. The prices of the products always include VAT at 0%.<\/p><p>RT62 is not responsible for any incorrect price information on the website and reserves the right to change prices.<\/p><h2>To order<\/h2><p>Tickets are ordered via the online shop. All orders will be confirmed by e-mail, indicating the products ordered and the price of the order. To receive an order confirmation, a valid email address must be provided at the time of ordering.<\/p><p>By ordering from the RT62 online shop, the customer gives his\/her consent for the information provided to be stored in the RT62 online shop's customer contact register. When placing an order, the customer agrees to the current terms of delivery, which apply to all products delivered from the online shop.<\/p><h2>Payment methods<\/h2><p>Products are paid for at the time of ordering. You can pay in our online shop by credit card (Visa, Mastercard), online bank and invoice. See below for more information on payment methods. All prices are indicated as VAT 0% and the currency used is the euro. The payment service partners of our online shop are Stripe, and Klarna.<\/p><h3><strong>Stripe<\/strong><\/h3><p>Stripe is a secure and easy payment method. When you choose to pay by credit card on the Muovia.com checkout page, Stripe acts as your payment intermediary. The payment is made directly on the e-commerce website and you are not redirected to another service. When you pay with the credit card payments offered by Stripe, you agree to the Stripe terms and conditions, which you can find\u00a0<a href=\"https:\/\/stripe.com\/fi\/legal\" target=\"_blank\" rel=\"noopener\">here<\/a>.<\/p><p>In addition, regionally dependent payment methods would be available:<\/p><ul><li>Bancontact (Belgium)<\/li><li>iDEAL (Netherlands)<\/li><\/ul><h4><strong>Credit card payments<\/strong><\/h4><p>You can pay online with Visa, Visa Debit, Mastercard, Debit Mastercard and American Express cards.<\/p><h3><strong>Klarna<\/strong><\/h3><p>Klarna offers an easy and secure way to pay for your purchases by invoice (pay later) or by instalment (split payments). For more information on Klarna's terms of use, privacy and cookie policy, please see the respective payment methods.<\/p><h3>Mobile payment methods<\/h3><p>Apple Pay is an in-device service that allows you to pay for purchases using a payment card connected to your device.<\/p><dl><dt><\/dt><dt><\/dt><dt>Apple Pay<p><a href=\"\/en\/\\&quot;https:\/\/support.apple.com\/fi-fi\/HT201239\\&quot;\/\" target=\"\\&quot;_blank\\&quot;\" rel=\"\\&quot;noopener\\&quot;\">Apple Pay Terms and Conditions<\/a><\/p><\/dt><\/dl><p><strong>Google Pay<\/strong><br \/><a href=\"\/en\/\\&quot;https:\/\/payments.developers.google.com\/terms\/aup\\&quot;\/\" target=\"\\&quot;_blank\\&quot;\" rel=\"\\&quot;noopener\\&quot;\">Google Pay Terms and Conditions<\/a><\/p><h2>Delivery<\/h2><p>The ordered right to participate in the event will be delivered by email.<\/p><h2>Exchange and return conditions<\/h2><p>All products purchased from the online store have a 14-day right of withdrawal under the Finnish Consumer Protection Act from the date of receipt of the order. The right of withdrawal does not apply to customised special orders\/pre-orders. In the case of a refund, the refund will be made to the payment method used in the order (not, for example, by bank transfer).<\/p><p>Please inform us in advance of any refund or exchange by e-mail.<\/p><h3>The cancellation policy for RT62 transactions is as follows:<\/h3><p><strong>In case of cancellation, RT62 will refund the participant as follows:<\/strong><\/p><ul><li>100% of the course fee: cancellation must be made at least 30 days before the event.<\/li><li>50% of the course fee: cancellation at least 21 days before the event<\/li><li>0% of the course fee: cancellation is made less than 21 days before the event.<\/li><\/ul><p>RT62 charges a \u20ac5 office fee for cancellations made by the customer, regardless of the payment method (invoice or online payment).<\/p><p>In case of cancellation by RT62, the course fee will be refunded in full to the participant.<\/p><p>The event will be organised and tickets will be provided on a force majeure basis. If, for reasons beyond the control of RT62 and due to force majeure (such as natural disaster, industrial action...), the trip is cancelled, the cancellation conditions will not apply as such.<\/p><p><!-- \/wp:paragraph --><\/p>\t\t\t\t\t\t\t\t<\/div>\n\t\t\t\t<\/div>\n\t\t\t\t\t<\/div>\n\t\t\t\t<\/div>\n\t\t\t\t<\/div>","protected":false},"excerpt":{"rendered":"<p>RT62 Pargas &#8211; Parainen rf(j\u00e4ljemp\u00e4n\u00e4 RT62) myy verkkokaupassa mm. osallistumislippuja eri tapahtumiin. Tuotteiden hinnoissa huomioidaan aina arvonlis\u00e4vero 0 %. RT62 ei vastaa sivustolla mahdollisesti olevasta virheellisest\u00e4 hintatiedosta ja pid\u00e4tt\u00e4\u00e4 oikeuden hinnanmuutoksiin. Tilaaminen Osallistumislippu tilataan verkkokaupan v\u00e4lityksell\u00e4. Kaikki tilaukset vahvistetaan s\u00e4hk\u00f6postilla, jossa ilmoitetaan tilatut tuotteet sek\u00e4 tilauksen hinta. Tilausvahvistuksen saaminen edellytt\u00e4\u00e4 toimivan s\u00e4hk\u00f6postiosoitteen ilmoittamista tilauksen yhteydess\u00e4. [&hellip;]<\/p>\n","protected":false},"author":3,"featured_media":0,"parent":0,"menu_order":0,"comment_status":"closed","ping_status":"closed","template":"","meta":{"site-sidebar-layout":"default","site-content-layout":"","ast-site-content-layout":"default","site-content-style":"default","site-sidebar-style":"default","ast-global-header-display":"","ast-banner-title-visibility":"","ast-main-header-display":"","ast-hfb-above-header-display":"","ast-hfb-below-header-display":"","ast-hfb-mobile-header-display":"","site-post-title":"","ast-breadcrumbs-content":"","ast-featured-img":"","footer-sml-layout":"","ast-disable-related-posts":"","theme-transparent-header-meta":"","adv-header-id-meta":"","stick-header-meta":"","header-above-stick-meta":"","header-main-stick-meta":"","header-below-stick-meta":"","astra-migrate-meta-layouts":"default","ast-page-background-enabled":"default","ast-page-background-meta":{"desktop":{"background-color":"","background-image":"","background-repeat":"repeat","background-position":"center center","background-size":"auto","background-attachment":"scroll","background-type":"","background-media":"","overlay-type":"","overlay-color":"","overlay-opacity":"","overlay-gradient":""},"tablet":{"background-color":"","background-image":"","background-repeat":"repeat","background-position":"center center","background-size":"auto","background-attachment":"scroll","background-type":"","background-media":"","overlay-type":"","overlay-color":"","overlay-opacity":"","overlay-gradient":""},"mobile":{"background-color":"","background-image":"","background-repeat":"repeat","background-position":"center center","background-size":"auto","background-attachment":"scroll","background-type":"","background-media":"","overlay-type":"","overlay-color":"","overlay-opacity":"","overlay-gradient":""}},"ast-content-background-meta":{"desktop":{"background-color":"var(--ast-global-color-5)","background-image":"","background-repeat":"repeat","background-position":"center center","background-size":"auto","background-attachment":"scroll","background-type":"","background-media":"","overlay-type":"","overlay-color":"","overlay-opacity":"","overlay-gradient":""},"tablet":{"background-color":"var(--ast-global-color-5)","background-image":"","background-repeat":"repeat","background-position":"center center","background-size":"auto","background-attachment":"scroll","background-type":"","background-media":"","overlay-type":"","overlay-color":"","overlay-opacity":"","overlay-gradient":""},"mobile":{"background-color":"var(--ast-global-color-5)","background-image":"","background-repeat":"repeat","background-position":"center center","background-size":"auto","background-attachment":"scroll","background-type":"","background-media":"","overlay-type":"","overlay-color":"","overlay-opacity":"","overlay-gradient":""}},"footnotes":""},"class_list":["post-2145","page","type-page","status-publish","hentry"],"_links":{"self":[{"href":"https:\/\/rt62.fi\/en\/wp-json\/wp\/v2\/pages\/2145","targetHints":{"allow":["GET"]}}],"collection":[{"href":"https:\/\/rt62.fi\/en\/wp-json\/wp\/v2\/pages"}],"about":[{"href":"https:\/\/rt62.fi\/en\/wp-json\/wp\/v2\/types\/page"}],"author":[{"embeddable":true,"href":"https:\/\/rt62.fi\/en\/wp-json\/wp\/v2\/users\/3"}],"replies":[{"embeddable":true,"href":"https:\/\/rt62.fi\/en\/wp-json\/wp\/v2\/comments?post=2145"}],"version-history":[{"count":15,"href":"https:\/\/rt62.fi\/en\/wp-json\/wp\/v2\/pages\/2145\/revisions"}],"predecessor-version":[{"id":6571,"href":"https:\/\/rt62.fi\/en\/wp-json\/wp\/v2\/pages\/2145\/revisions\/6571"}],"wp:attachment":[{"href":"https:\/\/rt62.fi\/en\/wp-json\/wp\/v2\/media?parent=2145"}],"curies":[{"name":"wp","href":"https:\/\/api.w.org\/{rel}","templated":true}]}}